{"id":389,"date":"2024-01-10T12:47:00","date_gmt":"2024-01-10T11:47:00","guid":{"rendered":"https:\/\/www.phe-design.sk\/leistungen\/beratung\/"},"modified":"2024-01-23T13:04:37","modified_gmt":"2024-01-23T12:04:37","slug":"beratung","status":"publish","type":"page","link":"https:\/\/www.phe-design.sk\/de\/leistungen\/beratung\/","title":{"rendered":"Beratung"},"content":{"rendered":"<div id=\"pl-389\"  class=\"panel-layout\" ><div id=\"pg-389-0\"  class=\"panel-grid panel-no-style\" ><div id=\"pgc-389-0-0\"  class=\"panel-grid-cell\" ><div id=\"panel-389-0-0-0\" class=\"so-panel widget widget_sow-editor panel-first-child panel-last-child\" data-index=\"0\" ><div\n\t\t\t\n\t\t\tclass=\"so-widget-sow-editor so-widget-sow-editor-base\"\n\t\t\t\n\t\t>\n<div class=\"siteorigin-widget-tinymce textwidget\">\n\t<h3><span class=\"TextRun SCXW7396150 BCX8\" lang=\"DE-DE\" xml:lang=\"DE-DE\" data-contrast=\"auto\"><span class=\"NormalTextRun SCXW7396150 BCX8\">Basierend auf unserer langj\u00e4hrigen praktischen Erfahrung im internationalen Markt, m\u00f6chten wir Ihnen nicht nur konkrete technische L<\/span><span class=\"NormalTextRun SCXW7396150 BCX8\">\u00f6sungen zeigen, sondern auch durch Ratschl\u00e4ge beh<\/span><span class=\"NormalTextRun SCXW7396150 BCX8\">ilflich sein. Gerne helfen wir Ihnen bei der Ausr<\/span><span class=\"NormalTextRun SCXW7396150 BCX8\">ichtung und der Entwicklung technischer Innovationen und stehen Ihnen als Berater f\u00fcr Ihre Projekte zur <\/span><span class=\"NormalTextRun SCXW7396150 BCX8\">Verf\u00fcgung<\/span><span class=\"NormalTextRun SCXW7396150 BCX8\">.<\/span><\/span><span class=\"EOP SCXW7396150 BCX8\" data-ccp-props=\"{&quot;201341983&quot;:0,&quot;335559739&quot;:160,&quot;335559740&quot;:259}\">\u00a0<\/span><\/h3>\n<\/div>\n<\/div><\/div><\/div><div id=\"pgc-389-0-1\"  class=\"panel-grid-cell\" ><div id=\"panel-389-0-1-0\" class=\"so-panel widget widget_sow-image panel-first-child panel-last-child\" data-index=\"1\" ><div\n\t\t\t\n\t\t\tclass=\"so-widget-sow-image so-widget-sow-image-default-8b5b6f678277-389\"\n\t\t\t\n\t\t>\n\n<div class=\"sow-image-container\">\n\t\t<img loading=\"lazy\" decoding=\"async\" src=\"https:\/\/www.phe-design.sk\/wp-content\/uploads\/2021\/11\/amy-hirschi-izxMVv2Z9dw-unsplash-scaled.jpg\" width=\"2560\" height=\"1707\" srcset=\"https:\/\/www.phe-design.sk\/wp-content\/uploads\/2021\/11\/amy-hirschi-izxMVv2Z9dw-unsplash-scaled.jpg 2560w, https:\/\/www.phe-design.sk\/wp-content\/uploads\/2021\/11\/amy-hirschi-izxMVv2Z9dw-unsplash-300x200.jpg 300w, https:\/\/www.phe-design.sk\/wp-content\/uploads\/2021\/11\/amy-hirschi-izxMVv2Z9dw-unsplash-1024x683.jpg 1024w, https:\/\/www.phe-design.sk\/wp-content\/uploads\/2021\/11\/amy-hirschi-izxMVv2Z9dw-unsplash-768x512.jpg 768w, https:\/\/www.phe-design.sk\/wp-content\/uploads\/2021\/11\/amy-hirschi-izxMVv2Z9dw-unsplash-1536x1024.jpg 1536w, https:\/\/www.phe-design.sk\/wp-content\/uploads\/2021\/11\/amy-hirschi-izxMVv2Z9dw-unsplash-2048x1365.jpg 2048w, https:\/\/www.phe-design.sk\/wp-content\/uploads\/2021\/11\/amy-hirschi-izxMVv2Z9dw-unsplash-272x182.jpg 272w\" sizes=\"auto, (max-width: 2560px) 100vw, 2560px\" title=\"amy-hirschi-izxMVv2Z9dw-unsplash\" alt=\"\" \t\tclass=\"so-widget-image\"\/>\n\t<\/div>\n\n<\/div><\/div><\/div><\/div><div id=\"pg-389-1\"  class=\"panel-grid panel-no-style\" ><div id=\"pgc-389-1-0\"  class=\"panel-grid-cell\" ><div id=\"panel-389-1-0-0\" class=\"so-panel widget widget_sow-image panel-first-child panel-last-child\" data-index=\"2\" ><div\n\t\t\t\n\t\t\tclass=\"so-widget-sow-image so-widget-sow-image-default-8b5b6f678277-389\"\n\t\t\t\n\t\t>\n\n<div class=\"sow-image-container\">\n\t\t<img decoding=\"async\" src=\"https:\/\/www.phe-design.sk\/wp-content\/uploads\/2021\/10\/service-5.svg\" alt=\"\" \t\tclass=\"so-widget-image\"\/>\n\t<\/div>\n\n<\/div><\/div><\/div><div id=\"pgc-389-1-1\"  class=\"panel-grid-cell\" ><div id=\"panel-389-1-1-0\" class=\"so-panel widget widget_sow-editor panel-first-child panel-last-child\" data-index=\"3\" ><div\n\t\t\t\n\t\t\tclass=\"so-widget-sow-editor so-widget-sow-editor-base\"\n\t\t\t\n\t\t>\n<div class=\"siteorigin-widget-tinymce textwidget\">\n\t<h2><b>Wie wir arbeiten<\/b><\/h2>\n<ul>\n<li><span data-contrast=\"auto\">aktive Beratung als wichtiger Teil unseres gemeinsamen Erfolgs <\/span><span data-ccp-props=\"{&quot;201341983&quot;:0,&quot;335559739&quot;:160,&quot;335559740&quot;:259}\">\u00a0<\/span><\/li>\n<li><span data-contrast=\"auto\">Optimierung etablierter Arbeitsabl\u00e4ufe gem\u00e4\u00df den Anforderungen und Bed\u00fcrfnissen<\/span><span data-ccp-props=\"{&quot;201341983&quot;:0,&quot;335559739&quot;:160,&quot;335559740&quot;:259}\">\u00a0<\/span><\/li>\n<li><span data-contrast=\"auto\">Hilfestellung bei Entscheidungsprozessen bei der Auswahl der besten L\u00f6sungen<\/span><span data-ccp-props=\"{&quot;201341983&quot;:0,&quot;335559739&quot;:160,&quot;335559740&quot;:259}\">\u00a0<\/span><\/li>\n<li><span data-contrast=\"auto\">Begleitung bei der praktischen Umsetzung der Verfahren<\/span><span data-ccp-props=\"{&quot;201341983&quot;:0,&quot;335559739&quot;:160,&quot;335559740&quot;:259}\">\u00a0<\/span><\/li>\n<\/ul>\n<\/div>\n<\/div><\/div><\/div><\/div><div id=\"pg-389-2\"  class=\"panel-grid panel-no-style\" ><div id=\"pgc-389-2-0\"  class=\"panel-grid-cell panel-grid-cell-empty\" ><\/div><div id=\"pgc-389-2-1\"  class=\"panel-grid-cell panel-grid-cell-mobile-last\" ><div id=\"panel-389-2-1-0\" class=\"so-panel widget widget_sow-editor panel-first-child panel-last-child\" data-index=\"4\" ><div\n\t\t\t\n\t\t\tclass=\"so-widget-sow-editor so-widget-sow-editor-base\"\n\t\t\t\n\t\t>\n<div class=\"siteorigin-widget-tinymce textwidget\">\n\t<h3><\/h3>\n<h3 style=\"text-align: center;\"><b>Wissen und Erfahrung sind besonders n\u00fctzlich, wenn sie jederzeit und \u00fcberall helfen k\u00f6nnen. Unsere Beratungsdienstleistungen stehen allen zur Verf\u00fcgung, die nach qualitativen Ergebnissen und effizienten Arbeitsmethoden suchen.<\/b><\/h3>\n<p style=\"text-align: center;\">\n&nbsp;<br \/>\n<a class=\"button highlight\" href=\"https:\/\/www.phe-design.sk\/de\/kontakt\/\">Ich m\u00f6chte zusammenarbeiten.<\/a><\/p>\n<\/div>\n<\/div><\/div><\/div><div id=\"pgc-389-2-2\"  class=\"panel-grid-cell panel-grid-cell-empty\" ><\/div><\/div><\/div>","protected":false},"excerpt":{"rendered":"<p>Basierend auf unserer langj\u00e4hrigen praktischen Erfahrung im internationalen Markt, m\u00f6chten wir Ihnen nicht nur konkrete technische L\u00f6sungen zeigen, sondern auch durch Ratschl\u00e4ge behilflich sein. Gerne helfen wir Ihnen bei der Ausrichtung und der Entwicklung technischer Innovationen und stehen Ihnen als Berater f\u00fcr Ihre Projekte zur Verf\u00fcgung.\u00a0 Wie wir arbeiten aktive Beratung als wichtiger Teil unseres [&hellip;]<\/p>\n","protected":false},"author":5,"featured_media":0,"parent":385,"menu_order":0,"comment_status":"closed","ping_status":"closed","template":"","meta":{"_acf_changed":false,"footnotes":""},"class_list":["post-389","page","type-page","status-publish","hentry"],"acf":[],"yoast_head":"<!-- This site is optimized with the Yoast SEO plugin v23.4 - https:\/\/yoast.com\/wordpress\/plugins\/seo\/ -->\n<title>Beratung - PHE Design<\/title>\n<meta name=\"robots\" content=\"index, follow, max-snippet:-1, max-image-preview:large, max-video-preview:-1\" \/>\n<link rel=\"canonical\" href=\"https:\/\/www.phe-design.sk\/de\/leistungen\/beratung\/\" \/>\n<meta property=\"og:locale\" content=\"de_DE\" \/>\n<meta property=\"og:type\" content=\"article\" \/>\n<meta property=\"og:title\" content=\"Beratung - PHE Design\" \/>\n<meta property=\"og:description\" content=\"Basierend auf unserer langj\u00e4hrigen praktischen Erfahrung im internationalen Markt, m\u00f6chten wir Ihnen nicht nur konkrete technische L\u00f6sungen zeigen, sondern auch durch Ratschl\u00e4ge behilflich sein. Gerne helfen wir Ihnen bei der Ausrichtung und der Entwicklung technischer Innovationen und stehen Ihnen als Berater f\u00fcr Ihre Projekte zur Verf\u00fcgung.\u00a0 Wie wir arbeiten aktive Beratung als wichtiger Teil unseres [&hellip;]\" \/>\n<meta property=\"og:url\" content=\"https:\/\/www.phe-design.sk\/de\/leistungen\/beratung\/\" \/>\n<meta property=\"og:site_name\" content=\"PHE Design\" \/>\n<meta property=\"article:modified_time\" content=\"2024-01-23T12:04:37+00:00\" \/>\n<meta name=\"twitter:card\" content=\"summary_large_image\" \/>\n<meta name=\"twitter:label1\" content=\"Gesch\u00e4tzte Lesezeit\" \/>\n\t<meta name=\"twitter:data1\" content=\"1\u00a0Minute\" \/>\n<script type=\"application\/ld+json\" class=\"yoast-schema-graph\">{\"@context\":\"https:\/\/schema.org\",\"@graph\":[{\"@type\":\"WebPage\",\"@id\":\"https:\/\/www.phe-design.sk\/de\/leistungen\/beratung\/\",\"url\":\"https:\/\/www.phe-design.sk\/de\/leistungen\/beratung\/\",\"name\":\"Beratung - PHE Design\",\"isPartOf\":{\"@id\":\"https:\/\/www.phe-design.sk\/de\/#website\"},\"datePublished\":\"2024-01-10T11:47:00+00:00\",\"dateModified\":\"2024-01-23T12:04:37+00:00\",\"breadcrumb\":{\"@id\":\"https:\/\/www.phe-design.sk\/de\/leistungen\/beratung\/#breadcrumb\"},\"inLanguage\":\"de\",\"potentialAction\":[{\"@type\":\"ReadAction\",\"target\":[\"https:\/\/www.phe-design.sk\/de\/leistungen\/beratung\/\"]}]},{\"@type\":\"BreadcrumbList\",\"@id\":\"https:\/\/www.phe-design.sk\/de\/leistungen\/beratung\/#breadcrumb\",\"itemListElement\":[{\"@type\":\"ListItem\",\"position\":1,\"name\":\"Domovsk\u00e1 str\u00e1nka\",\"item\":\"https:\/\/www.phe-design.sk\/de\/\"},{\"@type\":\"ListItem\",\"position\":2,\"name\":\"Leistungen\",\"item\":\"https:\/\/www.phe-design.sk\/de\/leistungen\/\"},{\"@type\":\"ListItem\",\"position\":3,\"name\":\"Beratung\"}]},{\"@type\":\"WebSite\",\"@id\":\"https:\/\/www.phe-design.sk\/de\/#website\",\"url\":\"https:\/\/www.phe-design.sk\/de\/\",\"name\":\"PHE Design\",\"description\":\"Len \u010fal\u0161ia WordPress str\u00e1nka\",\"potentialAction\":[{\"@type\":\"SearchAction\",\"target\":{\"@type\":\"EntryPoint\",\"urlTemplate\":\"https:\/\/www.phe-design.sk\/de\/?s={search_term_string}\"},\"query-input\":{\"@type\":\"PropertyValueSpecification\",\"valueRequired\":true,\"valueName\":\"search_term_string\"}}],\"inLanguage\":\"de\"}]}<\/script>\n<!-- \/ Yoast SEO plugin. -->","yoast_head_json":{"title":"Beratung - PHE Design","robots":{"index":"index","follow":"follow","max-snippet":"max-snippet:-1","max-image-preview":"max-image-preview:large","max-video-preview":"max-video-preview:-1"},"canonical":"https:\/\/www.phe-design.sk\/de\/leistungen\/beratung\/","og_locale":"de_DE","og_type":"article","og_title":"Beratung - PHE Design","og_description":"Basierend auf unserer langj\u00e4hrigen praktischen Erfahrung im internationalen Markt, m\u00f6chten wir Ihnen nicht nur konkrete technische L\u00f6sungen zeigen, sondern auch durch Ratschl\u00e4ge behilflich sein. Gerne helfen wir Ihnen bei der Ausrichtung und der Entwicklung technischer Innovationen und stehen Ihnen als Berater f\u00fcr Ihre Projekte zur Verf\u00fcgung.\u00a0 Wie wir arbeiten aktive Beratung als wichtiger Teil unseres [&hellip;]","og_url":"https:\/\/www.phe-design.sk\/de\/leistungen\/beratung\/","og_site_name":"PHE Design","article_modified_time":"2024-01-23T12:04:37+00:00","twitter_card":"summary_large_image","twitter_misc":{"Gesch\u00e4tzte Lesezeit":"1\u00a0Minute"},"schema":{"@context":"https:\/\/schema.org","@graph":[{"@type":"WebPage","@id":"https:\/\/www.phe-design.sk\/de\/leistungen\/beratung\/","url":"https:\/\/www.phe-design.sk\/de\/leistungen\/beratung\/","name":"Beratung - PHE Design","isPartOf":{"@id":"https:\/\/www.phe-design.sk\/de\/#website"},"datePublished":"2024-01-10T11:47:00+00:00","dateModified":"2024-01-23T12:04:37+00:00","breadcrumb":{"@id":"https:\/\/www.phe-design.sk\/de\/leistungen\/beratung\/#breadcrumb"},"inLanguage":"de","potentialAction":[{"@type":"ReadAction","target":["https:\/\/www.phe-design.sk\/de\/leistungen\/beratung\/"]}]},{"@type":"BreadcrumbList","@id":"https:\/\/www.phe-design.sk\/de\/leistungen\/beratung\/#breadcrumb","itemListElement":[{"@type":"ListItem","position":1,"name":"Domovsk\u00e1 str\u00e1nka","item":"https:\/\/www.phe-design.sk\/de\/"},{"@type":"ListItem","position":2,"name":"Leistungen","item":"https:\/\/www.phe-design.sk\/de\/leistungen\/"},{"@type":"ListItem","position":3,"name":"Beratung"}]},{"@type":"WebSite","@id":"https:\/\/www.phe-design.sk\/de\/#website","url":"https:\/\/www.phe-design.sk\/de\/","name":"PHE Design","description":"Len \u010fal\u0161ia WordPress str\u00e1nka","potentialAction":[{"@type":"SearchAction","target":{"@type":"EntryPoint","urlTemplate":"https:\/\/www.phe-design.sk\/de\/?s={search_term_string}"},"query-input":{"@type":"PropertyValueSpecification","valueRequired":true,"valueName":"search_term_string"}}],"inLanguage":"de"}]}},"_links":{"self":[{"href":"https:\/\/www.phe-design.sk\/de\/wp-json\/wp\/v2\/pages\/389","targetHints":{"allow":["GET"]}}],"collection":[{"href":"https:\/\/www.phe-design.sk\/de\/wp-json\/wp\/v2\/pages"}],"about":[{"href":"https:\/\/www.phe-design.sk\/de\/wp-json\/wp\/v2\/types\/page"}],"author":[{"embeddable":true,"href":"https:\/\/www.phe-design.sk\/de\/wp-json\/wp\/v2\/users\/5"}],"replies":[{"embeddable":true,"href":"https:\/\/www.phe-design.sk\/de\/wp-json\/wp\/v2\/comments?post=389"}],"version-history":[{"count":2,"href":"https:\/\/www.phe-design.sk\/de\/wp-json\/wp\/v2\/pages\/389\/revisions"}],"predecessor-version":[{"id":418,"href":"https:\/\/www.phe-design.sk\/de\/wp-json\/wp\/v2\/pages\/389\/revisions\/418"}],"up":[{"embeddable":true,"href":"https:\/\/www.phe-design.sk\/de\/wp-json\/wp\/v2\/pages\/385"}],"wp:attachment":[{"href":"https:\/\/www.phe-design.sk\/de\/wp-json\/wp\/v2\/media?parent=389"}],"curies":[{"name":"wp","href":"https:\/\/api.w.org\/{rel}","templated":true}]}}