{"id":387,"date":"2024-01-10T12:40:07","date_gmt":"2024-01-10T11:40:07","guid":{"rendered":"https:\/\/www.phe-design.sk\/leistungen\/internationale-erfahrungen\/"},"modified":"2024-01-23T13:07:47","modified_gmt":"2024-01-23T12:07:47","slug":"internationale-erfahrungen","status":"publish","type":"page","link":"https:\/\/www.phe-design.sk\/de\/leistungen\/internationale-erfahrungen\/","title":{"rendered":"Internationale Erfahrungen"},"content":{"rendered":"<div id=\"pl-387\"  class=\"panel-layout\" ><div id=\"pg-387-0\"  class=\"panel-grid panel-no-style\" ><div id=\"pgc-387-0-0\"  class=\"panel-grid-cell\" ><div id=\"panel-387-0-0-0\" class=\"so-panel widget widget_sow-editor panel-first-child panel-last-child\" data-index=\"0\" ><div\n\t\t\t\n\t\t\tclass=\"so-widget-sow-editor so-widget-sow-editor-base\"\n\t\t\t\n\t\t>\n<div class=\"siteorigin-widget-tinymce textwidget\">\n\t<h3><b>Leistungen PHE Design, s. r. o. bringen Zufriedenheit f\u00fcr Kunden auf dem internationalen Markt. Angesichts dessen haben wir kein Problem, unsere Aktivit\u00e4ten auch anderen sprachlichen Anforderungen anzupassen. Mit Freude bieten wir Ihnen gerne alle unsere Dienstleistungen auch in deutscher Sprache an.<\/b><\/h3>\n<\/div>\n<\/div><\/div><\/div><div id=\"pgc-387-0-1\"  class=\"panel-grid-cell\" ><div id=\"panel-387-0-1-0\" class=\"so-panel widget widget_sow-image panel-first-child panel-last-child\" data-index=\"1\" ><div\n\t\t\t\n\t\t\tclass=\"so-widget-sow-image so-widget-sow-image-default-8b5b6f678277-387\"\n\t\t\t\n\t\t>\n\n<div class=\"sow-image-container\">\n\t\t<img loading=\"lazy\" decoding=\"async\" src=\"https:\/\/www.phe-design.sk\/wp-content\/uploads\/2021\/10\/ga4e72d5a43002d9ac04fbe20db9ecbcaca166ecaac697b84bb2118b68236457443a8ce3888799e7e6d2121628c1fdc0a_1920.jpg\" width=\"1920\" height=\"1200\" srcset=\"https:\/\/www.phe-design.sk\/wp-content\/uploads\/2021\/10\/ga4e72d5a43002d9ac04fbe20db9ecbcaca166ecaac697b84bb2118b68236457443a8ce3888799e7e6d2121628c1fdc0a_1920.jpg 1920w, https:\/\/www.phe-design.sk\/wp-content\/uploads\/2021\/10\/ga4e72d5a43002d9ac04fbe20db9ecbcaca166ecaac697b84bb2118b68236457443a8ce3888799e7e6d2121628c1fdc0a_1920-300x188.jpg 300w, https:\/\/www.phe-design.sk\/wp-content\/uploads\/2021\/10\/ga4e72d5a43002d9ac04fbe20db9ecbcaca166ecaac697b84bb2118b68236457443a8ce3888799e7e6d2121628c1fdc0a_1920-1024x640.jpg 1024w, https:\/\/www.phe-design.sk\/wp-content\/uploads\/2021\/10\/ga4e72d5a43002d9ac04fbe20db9ecbcaca166ecaac697b84bb2118b68236457443a8ce3888799e7e6d2121628c1fdc0a_1920-768x480.jpg 768w, https:\/\/www.phe-design.sk\/wp-content\/uploads\/2021\/10\/ga4e72d5a43002d9ac04fbe20db9ecbcaca166ecaac697b84bb2118b68236457443a8ce3888799e7e6d2121628c1fdc0a_1920-1536x960.jpg 1536w\" sizes=\"auto, (max-width: 1920px) 100vw, 1920px\" alt=\"\" \t\tclass=\"so-widget-image\"\/>\n\t<\/div>\n\n<\/div><\/div><\/div><\/div><div id=\"pg-387-1\"  class=\"panel-grid panel-no-style\" ><div id=\"pgc-387-1-0\"  class=\"panel-grid-cell\" ><div id=\"panel-387-1-0-0\" class=\"so-panel widget widget_sow-image panel-first-child panel-last-child\" data-index=\"2\" ><div\n\t\t\t\n\t\t\tclass=\"so-widget-sow-image so-widget-sow-image-default-8b5b6f678277-387\"\n\t\t\t\n\t\t>\n\n<div class=\"sow-image-container\">\n\t\t<img decoding=\"async\" src=\"https:\/\/www.phe-design.sk\/wp-content\/uploads\/2021\/10\/service-4.svg\" alt=\"\" \t\tclass=\"so-widget-image\"\/>\n\t<\/div>\n\n<\/div><\/div><\/div><div id=\"pgc-387-1-1\"  class=\"panel-grid-cell\" ><div id=\"panel-387-1-1-0\" class=\"so-panel widget widget_sow-editor panel-first-child panel-last-child\" data-index=\"3\" ><div\n\t\t\t\n\t\t\tclass=\"so-widget-sow-editor so-widget-sow-editor-base\"\n\t\t\t\n\t\t>\n<div class=\"siteorigin-widget-tinymce textwidget\">\n\t<h2><b>Wie wir arbeiten<\/b><\/h2>\n<ul>\n<li data-leveltext=\"\uf0b7\" data-font=\"Symbol\" data-listid=\"1\" data-list-defn-props=\"{&quot;335552541&quot;:1,&quot;335559682&quot;:1,&quot;335559684&quot;:-2,&quot;335559685&quot;:360,&quot;335559991&quot;:360,&quot;469769226&quot;:&quot;Symbol&quot;,&quot;469769242&quot;:[8226],&quot;469777803&quot;:&quot;left&quot;,&quot;469777804&quot;:&quot;\uf0b7&quot;,&quot;469777815&quot;:&quot;singleLevel&quot;}\" aria-setsize=\"-1\" data-aria-posinset=\"9\" data-aria-level=\"1\"><span data-contrast=\"none\"><span data-ccp-parastyle=\"List Bullet\">Kennenlernen Ihrer Anforderungen und Erstellung gew\u00fcnschter Aufgabenstellungen<\/span><\/span><span data-ccp-props=\"{&quot;134233117&quot;:false,&quot;134233118&quot;:false,&quot;201341983&quot;:0,&quot;335551550&quot;:1,&quot;335551620&quot;:1,&quot;335559737&quot;:0,&quot;335559738&quot;:0,&quot;335559739&quot;:160,&quot;335559740&quot;:259,&quot;469777462&quot;:[360],&quot;469777927&quot;:[0],&quot;469777928&quot;:[8]}\">\u00a0<\/span><\/li>\n<li data-leveltext=\"\uf0b7\" data-font=\"Symbol\" data-listid=\"1\" data-list-defn-props=\"{&quot;335552541&quot;:1,&quot;335559682&quot;:1,&quot;335559684&quot;:-2,&quot;335559685&quot;:360,&quot;335559991&quot;:360,&quot;469769226&quot;:&quot;Symbol&quot;,&quot;469769242&quot;:[8226],&quot;469777803&quot;:&quot;left&quot;,&quot;469777804&quot;:&quot;\uf0b7&quot;,&quot;469777815&quot;:&quot;singleLevel&quot;}\" aria-setsize=\"-1\" data-aria-posinset=\"10\" data-aria-level=\"1\"><span data-contrast=\"none\"><span data-ccp-parastyle=\"List Bullet\">Anpassung unserer Ausgaben auf die deutsche Sprache, sowohl in den Produkten als a<\/span><span data-ccp-parastyle=\"List Bullet\">uch in der technischen Dokumentation<\/span><\/span><span data-ccp-props=\"{&quot;134233117&quot;:false,&quot;134233118&quot;:false,&quot;201341983&quot;:0,&quot;335551550&quot;:1,&quot;335551620&quot;:1,&quot;335559737&quot;:0,&quot;335559738&quot;:0,&quot;335559739&quot;:160,&quot;335559740&quot;:259,&quot;469777462&quot;:[360],&quot;469777927&quot;:[0],&quot;469777928&quot;:[8]}\">\u00a0<\/span><\/li>\n<li data-leveltext=\"\uf0b7\" data-font=\"Symbol\" data-listid=\"1\" data-list-defn-props=\"{&quot;335552541&quot;:1,&quot;335559682&quot;:1,&quot;335559684&quot;:-2,&quot;335559685&quot;:360,&quot;335559991&quot;:360,&quot;469769226&quot;:&quot;Symbol&quot;,&quot;469769242&quot;:[8226],&quot;469777803&quot;:&quot;left&quot;,&quot;469777804&quot;:&quot;\uf0b7&quot;,&quot;469777815&quot;:&quot;singleLevel&quot;}\" aria-setsize=\"-1\" data-aria-posinset=\"11\" data-aria-level=\"1\"><span data-contrast=\"none\"><span data-ccp-parastyle=\"List Bullet\">Durchf\u00fchrung der L\u00f6sungen sowie der <\/span><span data-ccp-parastyle=\"List Bullet\">gesamten Pr\u00e4sentation<\/span><span data-ccp-parastyle=\"List Bullet\"> in deutscher Sprache<\/span><\/span><span data-ccp-props=\"{&quot;134233117&quot;:false,&quot;134233118&quot;:false,&quot;201341983&quot;:0,&quot;335551550&quot;:1,&quot;335551620&quot;:1,&quot;335559737&quot;:0,&quot;335559738&quot;:0,&quot;335559739&quot;:160,&quot;335559740&quot;:259,&quot;469777462&quot;:[360],&quot;469777927&quot;:[0],&quot;469777928&quot;:[8]}\">\u00a0<\/span><\/li>\n<\/ul>\n<\/div>\n<\/div><\/div><\/div><\/div><div id=\"pg-387-2\"  class=\"panel-grid panel-no-style\" ><div id=\"pgc-387-2-0\"  class=\"panel-grid-cell panel-grid-cell-empty\" ><\/div><div id=\"pgc-387-2-1\"  class=\"panel-grid-cell panel-grid-cell-mobile-last\" ><div id=\"panel-387-2-1-0\" class=\"so-panel widget widget_sow-editor panel-first-child panel-last-child\" data-index=\"4\" ><div\n\t\t\t\n\t\t\tclass=\"so-widget-sow-editor so-widget-sow-editor-base\"\n\t\t\t\n\t\t>\n<div class=\"siteorigin-widget-tinymce textwidget\">\n\t<h3><\/h3>\n<h3 style=\"text-align: center;\"><b>Sprache ist keine Barriere, sondern nur eine weitere Herausforderung. Wir haben diese angenommen und uns entschieden, unsere Dienstleistungen und L\u00f6sungen auch dem deutschsprachigen Markt anzubieten. Verbinden Sie sich mit PHE-Design, s. r. o. und wir finden L\u00f6sungen auch f\u00fcr Sie.  <\/b><\/h3>\n<p style=\"text-align: center;\">\n<a class=\"button highlight\" href=\"https:\/\/www.phe-design.sk\/de\/kontakt\/\">Ich m\u00f6chte zusammenarbeiten.<\/a><\/p>\n<\/div>\n<\/div><\/div><\/div><div id=\"pgc-387-2-2\"  class=\"panel-grid-cell panel-grid-cell-empty\" ><\/div><\/div><\/div>","protected":false},"excerpt":{"rendered":"<p>Leistungen PHE Design, s. r. o. bringen Zufriedenheit f\u00fcr Kunden auf dem internationalen Markt. Angesichts dessen haben wir kein Problem, unsere Aktivit\u00e4ten auch anderen sprachlichen Anforderungen anzupassen. Mit Freude bieten wir Ihnen gerne alle unsere Dienstleistungen auch in deutscher Sprache an. Wie wir arbeiten Kennenlernen Ihrer Anforderungen und Erstellung gew\u00fcnschter Aufgabenstellungen\u00a0 Anpassung unserer Ausgaben auf [&hellip;]<\/p>\n","protected":false},"author":5,"featured_media":0,"parent":385,"menu_order":0,"comment_status":"closed","ping_status":"closed","template":"","meta":{"_acf_changed":false,"footnotes":""},"class_list":["post-387","page","type-page","status-publish","hentry"],"acf":[],"yoast_head":"<!-- This site is optimized with the Yoast SEO plugin v23.4 - https:\/\/yoast.com\/wordpress\/plugins\/seo\/ -->\n<title>Internationale Erfahrungen - PHE Design<\/title>\n<meta name=\"robots\" content=\"index, follow, max-snippet:-1, max-image-preview:large, max-video-preview:-1\" \/>\n<link rel=\"canonical\" href=\"https:\/\/www.phe-design.sk\/de\/leistungen\/internationale-erfahrungen\/\" \/>\n<meta property=\"og:locale\" content=\"de_DE\" \/>\n<meta property=\"og:type\" content=\"article\" \/>\n<meta property=\"og:title\" content=\"Internationale Erfahrungen - PHE Design\" \/>\n<meta property=\"og:description\" content=\"Leistungen PHE Design, s. r. o. bringen Zufriedenheit f\u00fcr Kunden auf dem internationalen Markt. Angesichts dessen haben wir kein Problem, unsere Aktivit\u00e4ten auch anderen sprachlichen Anforderungen anzupassen. Mit Freude bieten wir Ihnen gerne alle unsere Dienstleistungen auch in deutscher Sprache an. Wie wir arbeiten Kennenlernen Ihrer Anforderungen und Erstellung gew\u00fcnschter Aufgabenstellungen\u00a0 Anpassung unserer Ausgaben auf [&hellip;]\" \/>\n<meta property=\"og:url\" content=\"https:\/\/www.phe-design.sk\/de\/leistungen\/internationale-erfahrungen\/\" \/>\n<meta property=\"og:site_name\" content=\"PHE Design\" \/>\n<meta property=\"article:modified_time\" content=\"2024-01-23T12:07:47+00:00\" \/>\n<meta name=\"twitter:card\" content=\"summary_large_image\" \/>\n<meta name=\"twitter:label1\" content=\"Gesch\u00e4tzte Lesezeit\" \/>\n\t<meta name=\"twitter:data1\" content=\"1\u00a0Minute\" \/>\n<script type=\"application\/ld+json\" class=\"yoast-schema-graph\">{\"@context\":\"https:\/\/schema.org\",\"@graph\":[{\"@type\":\"WebPage\",\"@id\":\"https:\/\/www.phe-design.sk\/de\/leistungen\/internationale-erfahrungen\/\",\"url\":\"https:\/\/www.phe-design.sk\/de\/leistungen\/internationale-erfahrungen\/\",\"name\":\"Internationale Erfahrungen - PHE Design\",\"isPartOf\":{\"@id\":\"https:\/\/www.phe-design.sk\/de\/#website\"},\"datePublished\":\"2024-01-10T11:40:07+00:00\",\"dateModified\":\"2024-01-23T12:07:47+00:00\",\"breadcrumb\":{\"@id\":\"https:\/\/www.phe-design.sk\/de\/leistungen\/internationale-erfahrungen\/#breadcrumb\"},\"inLanguage\":\"de\",\"potentialAction\":[{\"@type\":\"ReadAction\",\"target\":[\"https:\/\/www.phe-design.sk\/de\/leistungen\/internationale-erfahrungen\/\"]}]},{\"@type\":\"BreadcrumbList\",\"@id\":\"https:\/\/www.phe-design.sk\/de\/leistungen\/internationale-erfahrungen\/#breadcrumb\",\"itemListElement\":[{\"@type\":\"ListItem\",\"position\":1,\"name\":\"Domovsk\u00e1 str\u00e1nka\",\"item\":\"https:\/\/www.phe-design.sk\/de\/\"},{\"@type\":\"ListItem\",\"position\":2,\"name\":\"Leistungen\",\"item\":\"https:\/\/www.phe-design.sk\/de\/leistungen\/\"},{\"@type\":\"ListItem\",\"position\":3,\"name\":\"Internationale Erfahrungen\"}]},{\"@type\":\"WebSite\",\"@id\":\"https:\/\/www.phe-design.sk\/de\/#website\",\"url\":\"https:\/\/www.phe-design.sk\/de\/\",\"name\":\"PHE Design\",\"description\":\"Len \u010fal\u0161ia WordPress str\u00e1nka\",\"potentialAction\":[{\"@type\":\"SearchAction\",\"target\":{\"@type\":\"EntryPoint\",\"urlTemplate\":\"https:\/\/www.phe-design.sk\/de\/?s={search_term_string}\"},\"query-input\":{\"@type\":\"PropertyValueSpecification\",\"valueRequired\":true,\"valueName\":\"search_term_string\"}}],\"inLanguage\":\"de\"}]}<\/script>\n<!-- \/ Yoast SEO plugin. -->","yoast_head_json":{"title":"Internationale Erfahrungen - PHE Design","robots":{"index":"index","follow":"follow","max-snippet":"max-snippet:-1","max-image-preview":"max-image-preview:large","max-video-preview":"max-video-preview:-1"},"canonical":"https:\/\/www.phe-design.sk\/de\/leistungen\/internationale-erfahrungen\/","og_locale":"de_DE","og_type":"article","og_title":"Internationale Erfahrungen - PHE Design","og_description":"Leistungen PHE Design, s. r. o. bringen Zufriedenheit f\u00fcr Kunden auf dem internationalen Markt. Angesichts dessen haben wir kein Problem, unsere Aktivit\u00e4ten auch anderen sprachlichen Anforderungen anzupassen. Mit Freude bieten wir Ihnen gerne alle unsere Dienstleistungen auch in deutscher Sprache an. Wie wir arbeiten Kennenlernen Ihrer Anforderungen und Erstellung gew\u00fcnschter Aufgabenstellungen\u00a0 Anpassung unserer Ausgaben auf [&hellip;]","og_url":"https:\/\/www.phe-design.sk\/de\/leistungen\/internationale-erfahrungen\/","og_site_name":"PHE Design","article_modified_time":"2024-01-23T12:07:47+00:00","twitter_card":"summary_large_image","twitter_misc":{"Gesch\u00e4tzte Lesezeit":"1\u00a0Minute"},"schema":{"@context":"https:\/\/schema.org","@graph":[{"@type":"WebPage","@id":"https:\/\/www.phe-design.sk\/de\/leistungen\/internationale-erfahrungen\/","url":"https:\/\/www.phe-design.sk\/de\/leistungen\/internationale-erfahrungen\/","name":"Internationale Erfahrungen - PHE Design","isPartOf":{"@id":"https:\/\/www.phe-design.sk\/de\/#website"},"datePublished":"2024-01-10T11:40:07+00:00","dateModified":"2024-01-23T12:07:47+00:00","breadcrumb":{"@id":"https:\/\/www.phe-design.sk\/de\/leistungen\/internationale-erfahrungen\/#breadcrumb"},"inLanguage":"de","potentialAction":[{"@type":"ReadAction","target":["https:\/\/www.phe-design.sk\/de\/leistungen\/internationale-erfahrungen\/"]}]},{"@type":"BreadcrumbList","@id":"https:\/\/www.phe-design.sk\/de\/leistungen\/internationale-erfahrungen\/#breadcrumb","itemListElement":[{"@type":"ListItem","position":1,"name":"Domovsk\u00e1 str\u00e1nka","item":"https:\/\/www.phe-design.sk\/de\/"},{"@type":"ListItem","position":2,"name":"Leistungen","item":"https:\/\/www.phe-design.sk\/de\/leistungen\/"},{"@type":"ListItem","position":3,"name":"Internationale Erfahrungen"}]},{"@type":"WebSite","@id":"https:\/\/www.phe-design.sk\/de\/#website","url":"https:\/\/www.phe-design.sk\/de\/","name":"PHE Design","description":"Len \u010fal\u0161ia WordPress str\u00e1nka","potentialAction":[{"@type":"SearchAction","target":{"@type":"EntryPoint","urlTemplate":"https:\/\/www.phe-design.sk\/de\/?s={search_term_string}"},"query-input":{"@type":"PropertyValueSpecification","valueRequired":true,"valueName":"search_term_string"}}],"inLanguage":"de"}]}},"_links":{"self":[{"href":"https:\/\/www.phe-design.sk\/de\/wp-json\/wp\/v2\/pages\/387","targetHints":{"allow":["GET"]}}],"collection":[{"href":"https:\/\/www.phe-design.sk\/de\/wp-json\/wp\/v2\/pages"}],"about":[{"href":"https:\/\/www.phe-design.sk\/de\/wp-json\/wp\/v2\/types\/page"}],"author":[{"embeddable":true,"href":"https:\/\/www.phe-design.sk\/de\/wp-json\/wp\/v2\/users\/5"}],"replies":[{"embeddable":true,"href":"https:\/\/www.phe-design.sk\/de\/wp-json\/wp\/v2\/comments?post=387"}],"version-history":[{"count":2,"href":"https:\/\/www.phe-design.sk\/de\/wp-json\/wp\/v2\/pages\/387\/revisions"}],"predecessor-version":[{"id":419,"href":"https:\/\/www.phe-design.sk\/de\/wp-json\/wp\/v2\/pages\/387\/revisions\/419"}],"up":[{"embeddable":true,"href":"https:\/\/www.phe-design.sk\/de\/wp-json\/wp\/v2\/pages\/385"}],"wp:attachment":[{"href":"https:\/\/www.phe-design.sk\/de\/wp-json\/wp\/v2\/media?parent=387"}],"curies":[{"name":"wp","href":"https:\/\/api.w.org\/{rel}","templated":true}]}}