{"id":381,"date":"2024-01-10T12:25:42","date_gmt":"2024-01-10T11:25:42","guid":{"rendered":"https:\/\/www.phe-design.sk\/reverse-engineering\/"},"modified":"2024-01-23T13:09:19","modified_gmt":"2024-01-23T12:09:19","slug":"reverse-engineering","status":"publish","type":"page","link":"https:\/\/www.phe-design.sk\/de\/leistungen\/reverse-engineering\/","title":{"rendered":"Reverse engineering"},"content":{"rendered":"<div id=\"pl-381\"  class=\"panel-layout\" ><div id=\"pg-381-0\"  class=\"panel-grid panel-no-style\" ><div id=\"pgc-381-0-0\"  class=\"panel-grid-cell\" ><div id=\"panel-381-0-0-0\" class=\"so-panel widget widget_sow-editor panel-first-child panel-last-child\" data-index=\"0\" ><div\n\t\t\t\n\t\t\tclass=\"so-widget-sow-editor so-widget-sow-editor-base\"\n\t\t\t\n\t\t>\n<div class=\"siteorigin-widget-tinymce textwidget\">\n\t<h3><b>Das beste Beispiel f\u00fcr unsere L\u00f6sungen ist das 3D-Modellieren. Die Softwareoptionen bieten uns Wege f\u00fcr pr\u00e4zise und detaillierte Darstellungen der Arbeitsergebnisse unseres Konstruktionsteams. Erfahren Sie, was Ihnen Reverse Engineering bieten kann.<\/b><\/h3>\n<\/div>\n<\/div><\/div><\/div><div id=\"pgc-381-0-1\"  class=\"panel-grid-cell\" ><div id=\"panel-381-0-1-0\" class=\"so-panel widget widget_sow-image panel-first-child panel-last-child\" data-index=\"1\" ><div\n\t\t\t\n\t\t\tclass=\"so-widget-sow-image so-widget-sow-image-default-8b5b6f678277-381\"\n\t\t\t\n\t\t>\n\n<div class=\"sow-image-container\">\n\t\t<img loading=\"lazy\" decoding=\"async\" src=\"https:\/\/www.phe-design.sk\/wp-content\/uploads\/2021\/11\/Cast-automatickej-vyrobnej-linky2.jpg\" width=\"1200\" height=\"674\" srcset=\"https:\/\/www.phe-design.sk\/wp-content\/uploads\/2021\/11\/Cast-automatickej-vyrobnej-linky2.jpg 1200w, https:\/\/www.phe-design.sk\/wp-content\/uploads\/2021\/11\/Cast-automatickej-vyrobnej-linky2-300x169.jpg 300w, https:\/\/www.phe-design.sk\/wp-content\/uploads\/2021\/11\/Cast-automatickej-vyrobnej-linky2-1024x575.jpg 1024w, https:\/\/www.phe-design.sk\/wp-content\/uploads\/2021\/11\/Cast-automatickej-vyrobnej-linky2-768x431.jpg 768w\" sizes=\"auto, (max-width: 1200px) 100vw, 1200px\" title=\"Cast automatickej vyrobnej linky2\" alt=\"\" \t\tclass=\"so-widget-image\"\/>\n\t<\/div>\n\n<\/div><\/div><\/div><\/div><div id=\"pg-381-1\"  class=\"panel-grid panel-no-style\" ><div id=\"pgc-381-1-0\"  class=\"panel-grid-cell\" ><div id=\"panel-381-1-0-0\" class=\"so-panel widget widget_sow-image panel-first-child panel-last-child\" data-index=\"2\" ><div\n\t\t\t\n\t\t\tclass=\"so-widget-sow-image so-widget-sow-image-default-8b5b6f678277-381\"\n\t\t\t\n\t\t>\n\n<div class=\"sow-image-container\">\n\t\t<img decoding=\"async\" src=\"https:\/\/www.phe-design.sk\/wp-content\/uploads\/2021\/10\/service-3.svg\" alt=\"\" \t\tclass=\"so-widget-image\"\/>\n\t<\/div>\n\n<\/div><\/div><\/div><div id=\"pgc-381-1-1\"  class=\"panel-grid-cell\" ><div id=\"panel-381-1-1-0\" class=\"so-panel widget widget_sow-editor panel-first-child panel-last-child\" data-index=\"3\" ><div\n\t\t\t\n\t\t\tclass=\"so-widget-sow-editor so-widget-sow-editor-base\"\n\t\t\t\n\t\t>\n<div class=\"siteorigin-widget-tinymce textwidget\">\n\t<h2><b>Wie wir arbeiten<\/b><\/h2>\n<ul>\n<li data-leveltext=\"\uf0b7\" data-font=\"Symbol\" data-listid=\"1\" data-list-defn-props=\"{&quot;335552541&quot;:1,&quot;335559682&quot;:1,&quot;335559684&quot;:-2,&quot;335559685&quot;:360,&quot;335559991&quot;:360,&quot;469769226&quot;:&quot;Symbol&quot;,&quot;469769242&quot;:[8226],&quot;469777803&quot;:&quot;left&quot;,&quot;469777804&quot;:&quot;\uf0b7&quot;,&quot;469777815&quot;:&quot;singleLevel&quot;}\" aria-setsize=\"-1\" data-aria-posinset=\"1\" data-aria-level=\"1\"><span data-contrast=\"none\"><span data-ccp-parastyle=\"List Bullet\">Erstellung einer detaillierten technischen Dokumentation unserer L\u00f6sungen<\/span><\/span><span data-ccp-props=\"{&quot;201341983&quot;:0,&quot;335559739&quot;:160,&quot;335559740&quot;:259,&quot;469777462&quot;:[360],&quot;469777927&quot;:[0],&quot;469777928&quot;:[8]}\">\u00a0<\/span><\/li>\n<li data-leveltext=\"\uf0b7\" data-font=\"Symbol\" data-listid=\"1\" data-list-defn-props=\"{&quot;335552541&quot;:1,&quot;335559682&quot;:1,&quot;335559684&quot;:-2,&quot;335559685&quot;:360,&quot;335559991&quot;:360,&quot;469769226&quot;:&quot;Symbol&quot;,&quot;469769242&quot;:[8226],&quot;469777803&quot;:&quot;left&quot;,&quot;469777804&quot;:&quot;\uf0b7&quot;,&quot;469777815&quot;:&quot;singleLevel&quot;}\" aria-setsize=\"-1\" data-aria-posinset=\"2\" data-aria-level=\"1\"><span data-contrast=\"none\"><span data-ccp-parastyle=\"List Bullet\">technische Entw\u00fcrfe in Form von Skizzen und Zeichnungen<\/span><\/span><span data-ccp-props=\"{&quot;201341983&quot;:0,&quot;335559739&quot;:160,&quot;335559740&quot;:259,&quot;469777462&quot;:[360],&quot;469777927&quot;:[0],&quot;469777928&quot;:[8]}\">\u00a0<\/span><\/li>\n<li data-leveltext=\"\uf0b7\" data-font=\"Symbol\" data-listid=\"1\" data-list-defn-props=\"{&quot;335552541&quot;:1,&quot;335559682&quot;:1,&quot;335559684&quot;:-2,&quot;335559685&quot;:360,&quot;335559991&quot;:360,&quot;469769226&quot;:&quot;Symbol&quot;,&quot;469769242&quot;:[8226],&quot;469777803&quot;:&quot;left&quot;,&quot;469777804&quot;:&quot;\uf0b7&quot;,&quot;469777815&quot;:&quot;singleLevel&quot;}\" aria-setsize=\"-1\" data-aria-posinset=\"3\" data-aria-level=\"1\"><span data-contrast=\"none\"><span data-ccp-parastyle=\"List Bullet\">Scannen bestehender Ger\u00e4te und ihre Umwandlung in die digitale Form<\/span><\/span><span data-ccp-props=\"{&quot;201341983&quot;:0,&quot;335559739&quot;:160,&quot;335559740&quot;:259,&quot;469777462&quot;:[360],&quot;469777927&quot;:[0],&quot;469777928&quot;:[8]}\">\u00a0<\/span><\/li>\n<li data-leveltext=\"\uf0b7\" data-font=\"Symbol\" data-listid=\"1\" data-list-defn-props=\"{&quot;335552541&quot;:1,&quot;335559682&quot;:1,&quot;335559684&quot;:-2,&quot;335559685&quot;:360,&quot;335559991&quot;:360,&quot;469769226&quot;:&quot;Symbol&quot;,&quot;469769242&quot;:[8226],&quot;469777803&quot;:&quot;left&quot;,&quot;469777804&quot;:&quot;\uf0b7&quot;,&quot;469777815&quot;:&quot;singleLevel&quot;}\" aria-setsize=\"-1\" data-aria-posinset=\"4\" data-aria-level=\"1\"><span data-contrast=\"none\"><span data-ccp-parastyle=\"List Bullet\">Konstruktion pr\u00e4ziser 3D-Modelle unserer L\u00f6sungen mit Hilfe von verschiedenen CAD-Softwaren <\/span><\/span><\/li>\n<\/ul>\n<\/div>\n<\/div><\/div><\/div><\/div><div id=\"pg-381-2\"  class=\"panel-grid panel-no-style\" ><div id=\"pgc-381-2-0\"  class=\"panel-grid-cell panel-grid-cell-empty\" ><\/div><div id=\"pgc-381-2-1\"  class=\"panel-grid-cell panel-grid-cell-mobile-last\" ><div id=\"panel-381-2-1-0\" class=\"so-panel widget widget_sow-editor panel-first-child panel-last-child\" data-index=\"4\" ><div\n\t\t\t\n\t\t\tclass=\"so-widget-sow-editor so-widget-sow-editor-base\"\n\t\t\t\n\t\t>\n<div class=\"siteorigin-widget-tinymce textwidget\">\n\t<h3><\/h3>\n<h3 style=\"text-align: center;\"><b>Jede Einzelheit ist wichtig, daher achten wir darauf, einen \u00dcberblick \u00fcber alle Komponenten unserer Kreationen zu haben. Die 3D-Modellierung ist eine Selbstverst\u00e4ndlichkeit bei der Erbringung von Leistungen durch unser Konstruktionsb\u00fcro.<\/b><\/h3>\n<p style=\"text-align: center;\">\n&nbsp;<br \/>\n<a class=\"button highlight\" href=\"https:\/\/www.phe-design.sk\/kontakt\/\">Ich m\u00f6chte zusammenarbeiten.<\/a><\/p>\n<\/div>\n<\/div><\/div><\/div><div id=\"pgc-381-2-2\"  class=\"panel-grid-cell panel-grid-cell-empty\" ><\/div><\/div><\/div>","protected":false},"excerpt":{"rendered":"<p>Das beste Beispiel f\u00fcr unsere L\u00f6sungen ist das 3D-Modellieren. Die Softwareoptionen bieten uns Wege f\u00fcr pr\u00e4zise und detaillierte Darstellungen der Arbeitsergebnisse unseres Konstruktionsteams. Erfahren Sie, was Ihnen Reverse Engineering bieten kann. Wie wir arbeiten Erstellung einer detaillierten technischen Dokumentation unserer L\u00f6sungen\u00a0 technische Entw\u00fcrfe in Form von Skizzen und Zeichnungen\u00a0 Scannen bestehender Ger\u00e4te und ihre Umwandlung [&hellip;]<\/p>\n","protected":false},"author":5,"featured_media":0,"parent":385,"menu_order":0,"comment_status":"closed","ping_status":"closed","template":"","meta":{"_acf_changed":false,"footnotes":""},"class_list":["post-381","page","type-page","status-publish","hentry"],"acf":[],"yoast_head":"<!-- This site is optimized with the Yoast SEO plugin v23.4 - https:\/\/yoast.com\/wordpress\/plugins\/seo\/ -->\n<title>Reverse engineering - PHE Design<\/title>\n<meta name=\"robots\" content=\"index, follow, max-snippet:-1, max-image-preview:large, max-video-preview:-1\" \/>\n<link rel=\"canonical\" href=\"https:\/\/www.phe-design.sk\/de\/leistungen\/reverse-engineering\/\" \/>\n<meta property=\"og:locale\" content=\"de_DE\" \/>\n<meta property=\"og:type\" content=\"article\" \/>\n<meta property=\"og:title\" content=\"Reverse engineering - PHE Design\" \/>\n<meta property=\"og:description\" content=\"Das beste Beispiel f\u00fcr unsere L\u00f6sungen ist das 3D-Modellieren. Die Softwareoptionen bieten uns Wege f\u00fcr pr\u00e4zise und detaillierte Darstellungen der Arbeitsergebnisse unseres Konstruktionsteams. Erfahren Sie, was Ihnen Reverse Engineering bieten kann. Wie wir arbeiten Erstellung einer detaillierten technischen Dokumentation unserer L\u00f6sungen\u00a0 technische Entw\u00fcrfe in Form von Skizzen und Zeichnungen\u00a0 Scannen bestehender Ger\u00e4te und ihre Umwandlung [&hellip;]\" \/>\n<meta property=\"og:url\" content=\"https:\/\/www.phe-design.sk\/de\/leistungen\/reverse-engineering\/\" \/>\n<meta property=\"og:site_name\" content=\"PHE Design\" \/>\n<meta property=\"article:modified_time\" content=\"2024-01-23T12:09:19+00:00\" \/>\n<meta name=\"twitter:card\" content=\"summary_large_image\" \/>\n<meta name=\"twitter:label1\" content=\"Gesch\u00e4tzte Lesezeit\" \/>\n\t<meta name=\"twitter:data1\" content=\"1\u00a0Minute\" \/>\n<script type=\"application\/ld+json\" class=\"yoast-schema-graph\">{\"@context\":\"https:\/\/schema.org\",\"@graph\":[{\"@type\":\"WebPage\",\"@id\":\"https:\/\/www.phe-design.sk\/de\/leistungen\/reverse-engineering\/\",\"url\":\"https:\/\/www.phe-design.sk\/de\/leistungen\/reverse-engineering\/\",\"name\":\"Reverse engineering - PHE Design\",\"isPartOf\":{\"@id\":\"https:\/\/www.phe-design.sk\/de\/#website\"},\"datePublished\":\"2024-01-10T11:25:42+00:00\",\"dateModified\":\"2024-01-23T12:09:19+00:00\",\"breadcrumb\":{\"@id\":\"https:\/\/www.phe-design.sk\/de\/leistungen\/reverse-engineering\/#breadcrumb\"},\"inLanguage\":\"de\",\"potentialAction\":[{\"@type\":\"ReadAction\",\"target\":[\"https:\/\/www.phe-design.sk\/de\/leistungen\/reverse-engineering\/\"]}]},{\"@type\":\"BreadcrumbList\",\"@id\":\"https:\/\/www.phe-design.sk\/de\/leistungen\/reverse-engineering\/#breadcrumb\",\"itemListElement\":[{\"@type\":\"ListItem\",\"position\":1,\"name\":\"Domovsk\u00e1 str\u00e1nka\",\"item\":\"https:\/\/www.phe-design.sk\/de\/\"},{\"@type\":\"ListItem\",\"position\":2,\"name\":\"Leistungen\",\"item\":\"https:\/\/www.phe-design.sk\/de\/leistungen\/\"},{\"@type\":\"ListItem\",\"position\":3,\"name\":\"Reverse engineering\"}]},{\"@type\":\"WebSite\",\"@id\":\"https:\/\/www.phe-design.sk\/de\/#website\",\"url\":\"https:\/\/www.phe-design.sk\/de\/\",\"name\":\"PHE Design\",\"description\":\"Len \u010fal\u0161ia WordPress str\u00e1nka\",\"potentialAction\":[{\"@type\":\"SearchAction\",\"target\":{\"@type\":\"EntryPoint\",\"urlTemplate\":\"https:\/\/www.phe-design.sk\/de\/?s={search_term_string}\"},\"query-input\":{\"@type\":\"PropertyValueSpecification\",\"valueRequired\":true,\"valueName\":\"search_term_string\"}}],\"inLanguage\":\"de\"}]}<\/script>\n<!-- \/ Yoast SEO plugin. -->","yoast_head_json":{"title":"Reverse engineering - PHE Design","robots":{"index":"index","follow":"follow","max-snippet":"max-snippet:-1","max-image-preview":"max-image-preview:large","max-video-preview":"max-video-preview:-1"},"canonical":"https:\/\/www.phe-design.sk\/de\/leistungen\/reverse-engineering\/","og_locale":"de_DE","og_type":"article","og_title":"Reverse engineering - PHE Design","og_description":"Das beste Beispiel f\u00fcr unsere L\u00f6sungen ist das 3D-Modellieren. Die Softwareoptionen bieten uns Wege f\u00fcr pr\u00e4zise und detaillierte Darstellungen der Arbeitsergebnisse unseres Konstruktionsteams. Erfahren Sie, was Ihnen Reverse Engineering bieten kann. Wie wir arbeiten Erstellung einer detaillierten technischen Dokumentation unserer L\u00f6sungen\u00a0 technische Entw\u00fcrfe in Form von Skizzen und Zeichnungen\u00a0 Scannen bestehender Ger\u00e4te und ihre Umwandlung [&hellip;]","og_url":"https:\/\/www.phe-design.sk\/de\/leistungen\/reverse-engineering\/","og_site_name":"PHE Design","article_modified_time":"2024-01-23T12:09:19+00:00","twitter_card":"summary_large_image","twitter_misc":{"Gesch\u00e4tzte Lesezeit":"1\u00a0Minute"},"schema":{"@context":"https:\/\/schema.org","@graph":[{"@type":"WebPage","@id":"https:\/\/www.phe-design.sk\/de\/leistungen\/reverse-engineering\/","url":"https:\/\/www.phe-design.sk\/de\/leistungen\/reverse-engineering\/","name":"Reverse engineering - PHE Design","isPartOf":{"@id":"https:\/\/www.phe-design.sk\/de\/#website"},"datePublished":"2024-01-10T11:25:42+00:00","dateModified":"2024-01-23T12:09:19+00:00","breadcrumb":{"@id":"https:\/\/www.phe-design.sk\/de\/leistungen\/reverse-engineering\/#breadcrumb"},"inLanguage":"de","potentialAction":[{"@type":"ReadAction","target":["https:\/\/www.phe-design.sk\/de\/leistungen\/reverse-engineering\/"]}]},{"@type":"BreadcrumbList","@id":"https:\/\/www.phe-design.sk\/de\/leistungen\/reverse-engineering\/#breadcrumb","itemListElement":[{"@type":"ListItem","position":1,"name":"Domovsk\u00e1 str\u00e1nka","item":"https:\/\/www.phe-design.sk\/de\/"},{"@type":"ListItem","position":2,"name":"Leistungen","item":"https:\/\/www.phe-design.sk\/de\/leistungen\/"},{"@type":"ListItem","position":3,"name":"Reverse engineering"}]},{"@type":"WebSite","@id":"https:\/\/www.phe-design.sk\/de\/#website","url":"https:\/\/www.phe-design.sk\/de\/","name":"PHE Design","description":"Len \u010fal\u0161ia WordPress str\u00e1nka","potentialAction":[{"@type":"SearchAction","target":{"@type":"EntryPoint","urlTemplate":"https:\/\/www.phe-design.sk\/de\/?s={search_term_string}"},"query-input":{"@type":"PropertyValueSpecification","valueRequired":true,"valueName":"search_term_string"}}],"inLanguage":"de"}]}},"_links":{"self":[{"href":"https:\/\/www.phe-design.sk\/de\/wp-json\/wp\/v2\/pages\/381","targetHints":{"allow":["GET"]}}],"collection":[{"href":"https:\/\/www.phe-design.sk\/de\/wp-json\/wp\/v2\/pages"}],"about":[{"href":"https:\/\/www.phe-design.sk\/de\/wp-json\/wp\/v2\/types\/page"}],"author":[{"embeddable":true,"href":"https:\/\/www.phe-design.sk\/de\/wp-json\/wp\/v2\/users\/5"}],"replies":[{"embeddable":true,"href":"https:\/\/www.phe-design.sk\/de\/wp-json\/wp\/v2\/comments?post=381"}],"version-history":[{"count":2,"href":"https:\/\/www.phe-design.sk\/de\/wp-json\/wp\/v2\/pages\/381\/revisions"}],"predecessor-version":[{"id":420,"href":"https:\/\/www.phe-design.sk\/de\/wp-json\/wp\/v2\/pages\/381\/revisions\/420"}],"up":[{"embeddable":true,"href":"https:\/\/www.phe-design.sk\/de\/wp-json\/wp\/v2\/pages\/385"}],"wp:attachment":[{"href":"https:\/\/www.phe-design.sk\/de\/wp-json\/wp\/v2\/media?parent=381"}],"curies":[{"name":"wp","href":"https:\/\/api.w.org\/{rel}","templated":true}]}}