{"id":378,"date":"2024-01-10T11:38:53","date_gmt":"2024-01-10T10:38:53","guid":{"rendered":"https:\/\/www.phe-design.sk\/anfang\/"},"modified":"2024-01-23T13:00:53","modified_gmt":"2024-01-23T12:00:53","slug":"anfang","status":"publish","type":"page","link":"https:\/\/www.phe-design.sk\/de\/","title":{"rendered":"Home"},"content":{"rendered":"","protected":false},"excerpt":{"rendered":"","protected":false},"author":5,"featured_media":361,"parent":0,"menu_order":0,"comment_status":"closed","ping_status":"closed","template":"template-pages\/home.php","meta":{"_acf_changed":false,"footnotes":""},"class_list":["post-378","page","type-page","status-publish","has-post-thumbnail","hentry"],"acf":[],"yoast_head":"<!-- This site is optimized with the Yoast SEO plugin v23.4 - https:\/\/yoast.com\/wordpress\/plugins\/seo\/ -->\n<title>Konstruktionsl\u00f6sungen - PHE Design<\/title>\n<meta name=\"description\" content=\"Wir sind Konstruktionsb\u00fcro, welche die Projekten in der Maschinenbau macht. Wir sind starke Partner f\u00fcr Ihre Projekten.\" \/>\n<meta name=\"robots\" content=\"index, follow, max-snippet:-1, max-image-preview:large, max-video-preview:-1\" \/>\n<link rel=\"canonical\" href=\"https:\/\/www.phe-design.sk\/de\/\" \/>\n<meta property=\"og:locale\" content=\"de_DE\" \/>\n<meta property=\"og:type\" content=\"article\" \/>\n<meta property=\"og:title\" content=\"Konstruktionsl\u00f6sungen - PHE Design\" \/>\n<meta property=\"og:description\" content=\"Wir sind Konstruktionsb\u00fcro, welche die Projekten in der Maschinenbau macht. Wir sind starke Partner f\u00fcr Ihre Projekten.\" \/>\n<meta property=\"og:url\" content=\"https:\/\/www.phe-design.sk\/de\/\" \/>\n<meta property=\"og:site_name\" content=\"PHE Design\" \/>\n<meta property=\"article:modified_time\" content=\"2024-01-23T12:00:53+00:00\" \/>\n<meta property=\"og:image\" content=\"https:\/\/www.phe-design.sk\/wp-content\/uploads\/2021\/11\/Screenshot-2021-11-15-at-11.17.52.jpg\" \/>\n\t<meta property=\"og:image:width\" content=\"2522\" \/>\n\t<meta property=\"og:image:height\" content=\"1560\" \/>\n\t<meta property=\"og:image:type\" content=\"image\/jpeg\" \/>\n<meta name=\"twitter:card\" content=\"summary_large_image\" \/>\n<script type=\"application\/ld+json\" class=\"yoast-schema-graph\">{\"@context\":\"https:\/\/schema.org\",\"@graph\":[{\"@type\":\"WebPage\",\"@id\":\"https:\/\/www.phe-design.sk\/de\/\",\"url\":\"https:\/\/www.phe-design.sk\/de\/\",\"name\":\"Konstruktionsl\u00f6sungen - PHE Design\",\"isPartOf\":{\"@id\":\"https:\/\/www.phe-design.sk\/de\/#website\"},\"primaryImageOfPage\":{\"@id\":\"https:\/\/www.phe-design.sk\/de\/#primaryimage\"},\"image\":{\"@id\":\"https:\/\/www.phe-design.sk\/de\/#primaryimage\"},\"thumbnailUrl\":\"https:\/\/www.phe-design.sk\/wp-content\/uploads\/2021\/11\/Screenshot-2021-11-15-at-11.17.52.jpg\",\"datePublished\":\"2024-01-10T10:38:53+00:00\",\"dateModified\":\"2024-01-23T12:00:53+00:00\",\"description\":\"Wir sind Konstruktionsb\u00fcro, welche die Projekten in der Maschinenbau macht. Wir sind starke Partner f\u00fcr Ihre Projekten.\",\"breadcrumb\":{\"@id\":\"https:\/\/www.phe-design.sk\/de\/#breadcrumb\"},\"inLanguage\":\"de\",\"potentialAction\":[{\"@type\":\"ReadAction\",\"target\":[\"https:\/\/www.phe-design.sk\/de\/\"]}]},{\"@type\":\"ImageObject\",\"inLanguage\":\"de\",\"@id\":\"https:\/\/www.phe-design.sk\/de\/#primaryimage\",\"url\":\"https:\/\/www.phe-design.sk\/wp-content\/uploads\/2021\/11\/Screenshot-2021-11-15-at-11.17.52.jpg\",\"contentUrl\":\"https:\/\/www.phe-design.sk\/wp-content\/uploads\/2021\/11\/Screenshot-2021-11-15-at-11.17.52.jpg\",\"width\":2522,\"height\":1560},{\"@type\":\"BreadcrumbList\",\"@id\":\"https:\/\/www.phe-design.sk\/de\/#breadcrumb\",\"itemListElement\":[{\"@type\":\"ListItem\",\"position\":1,\"name\":\"Domovsk\u00e1 str\u00e1nka\",\"item\":\"https:\/\/www.phe-design.sk\/de\/\"},{\"@type\":\"ListItem\",\"position\":2,\"name\":\"Home\"}]},{\"@type\":\"WebSite\",\"@id\":\"https:\/\/www.phe-design.sk\/de\/#website\",\"url\":\"https:\/\/www.phe-design.sk\/de\/\",\"name\":\"PHE Design\",\"description\":\"Len \u010fal\u0161ia WordPress str\u00e1nka\",\"potentialAction\":[{\"@type\":\"SearchAction\",\"target\":{\"@type\":\"EntryPoint\",\"urlTemplate\":\"https:\/\/www.phe-design.sk\/de\/?s={search_term_string}\"},\"query-input\":{\"@type\":\"PropertyValueSpecification\",\"valueRequired\":true,\"valueName\":\"search_term_string\"}}],\"inLanguage\":\"de\"}]}<\/script>\n<!-- \/ Yoast SEO plugin. -->","yoast_head_json":{"title":"Konstruktionsl\u00f6sungen - PHE Design","description":"Wir sind Konstruktionsb\u00fcro, welche die Projekten in der Maschinenbau macht. Wir sind starke Partner f\u00fcr Ihre Projekten.","robots":{"index":"index","follow":"follow","max-snippet":"max-snippet:-1","max-image-preview":"max-image-preview:large","max-video-preview":"max-video-preview:-1"},"canonical":"https:\/\/www.phe-design.sk\/de\/","og_locale":"de_DE","og_type":"article","og_title":"Konstruktionsl\u00f6sungen - PHE Design","og_description":"Wir sind Konstruktionsb\u00fcro, welche die Projekten in der Maschinenbau macht. Wir sind starke Partner f\u00fcr Ihre Projekten.","og_url":"https:\/\/www.phe-design.sk\/de\/","og_site_name":"PHE Design","article_modified_time":"2024-01-23T12:00:53+00:00","og_image":[{"width":2522,"height":1560,"url":"https:\/\/www.phe-design.sk\/wp-content\/uploads\/2021\/11\/Screenshot-2021-11-15-at-11.17.52.jpg","type":"image\/jpeg"}],"twitter_card":"summary_large_image","schema":{"@context":"https:\/\/schema.org","@graph":[{"@type":"WebPage","@id":"https:\/\/www.phe-design.sk\/de\/","url":"https:\/\/www.phe-design.sk\/de\/","name":"Konstruktionsl\u00f6sungen - PHE Design","isPartOf":{"@id":"https:\/\/www.phe-design.sk\/de\/#website"},"primaryImageOfPage":{"@id":"https:\/\/www.phe-design.sk\/de\/#primaryimage"},"image":{"@id":"https:\/\/www.phe-design.sk\/de\/#primaryimage"},"thumbnailUrl":"https:\/\/www.phe-design.sk\/wp-content\/uploads\/2021\/11\/Screenshot-2021-11-15-at-11.17.52.jpg","datePublished":"2024-01-10T10:38:53+00:00","dateModified":"2024-01-23T12:00:53+00:00","description":"Wir sind Konstruktionsb\u00fcro, welche die Projekten in der Maschinenbau macht. Wir sind starke Partner f\u00fcr Ihre Projekten.","breadcrumb":{"@id":"https:\/\/www.phe-design.sk\/de\/#breadcrumb"},"inLanguage":"de","potentialAction":[{"@type":"ReadAction","target":["https:\/\/www.phe-design.sk\/de\/"]}]},{"@type":"ImageObject","inLanguage":"de","@id":"https:\/\/www.phe-design.sk\/de\/#primaryimage","url":"https:\/\/www.phe-design.sk\/wp-content\/uploads\/2021\/11\/Screenshot-2021-11-15-at-11.17.52.jpg","contentUrl":"https:\/\/www.phe-design.sk\/wp-content\/uploads\/2021\/11\/Screenshot-2021-11-15-at-11.17.52.jpg","width":2522,"height":1560},{"@type":"BreadcrumbList","@id":"https:\/\/www.phe-design.sk\/de\/#breadcrumb","itemListElement":[{"@type":"ListItem","position":1,"name":"Domovsk\u00e1 str\u00e1nka","item":"https:\/\/www.phe-design.sk\/de\/"},{"@type":"ListItem","position":2,"name":"Home"}]},{"@type":"WebSite","@id":"https:\/\/www.phe-design.sk\/de\/#website","url":"https:\/\/www.phe-design.sk\/de\/","name":"PHE Design","description":"Len \u010fal\u0161ia WordPress str\u00e1nka","potentialAction":[{"@type":"SearchAction","target":{"@type":"EntryPoint","urlTemplate":"https:\/\/www.phe-design.sk\/de\/?s={search_term_string}"},"query-input":{"@type":"PropertyValueSpecification","valueRequired":true,"valueName":"search_term_string"}}],"inLanguage":"de"}]}},"_links":{"self":[{"href":"https:\/\/www.phe-design.sk\/de\/wp-json\/wp\/v2\/pages\/378","targetHints":{"allow":["GET"]}}],"collection":[{"href":"https:\/\/www.phe-design.sk\/de\/wp-json\/wp\/v2\/pages"}],"about":[{"href":"https:\/\/www.phe-design.sk\/de\/wp-json\/wp\/v2\/types\/page"}],"author":[{"embeddable":true,"href":"https:\/\/www.phe-design.sk\/de\/wp-json\/wp\/v2\/users\/5"}],"replies":[{"embeddable":true,"href":"https:\/\/www.phe-design.sk\/de\/wp-json\/wp\/v2\/comments?post=378"}],"version-history":[{"count":4,"href":"https:\/\/www.phe-design.sk\/de\/wp-json\/wp\/v2\/pages\/378\/revisions"}],"predecessor-version":[{"id":417,"href":"https:\/\/www.phe-design.sk\/de\/wp-json\/wp\/v2\/pages\/378\/revisions\/417"}],"wp:featuredmedia":[{"embeddable":true,"href":"https:\/\/www.phe-design.sk\/de\/wp-json\/wp\/v2\/media\/361"}],"wp:attachment":[{"href":"https:\/\/www.phe-design.sk\/de\/wp-json\/wp\/v2\/media?parent=378"}],"curies":[{"name":"wp","href":"https:\/\/api.w.org\/{rel}","templated":true}]}}